{"id":21,"date":"2024-01-16T17:18:32","date_gmt":"2024-01-16T17:18:32","guid":{"rendered":"https:\/\/dobrysasiad.banie.net\/wordpress\/?page_id=21"},"modified":"2024-08-08T09:12:43","modified_gmt":"2024-08-08T09:12:43","slug":"kontakt","status":"publish","type":"page","link":"https:\/\/dobrysasiad.banie.net\/?page_id=21","title":{"rendered":"Kontakt"},"content":{"rendered":"\n<p>&#8222;Dobry S\u0105siad&#8221; Micha\u0142 Witkowski<\/p>\n\n\n\n<p>ul.Targowa 19 pok\u00f3j nr 8,<\/p>\n\n\n\n<p>74-110 Banie<\/p>\n\n\n<p>Tel. (&#43;4&#56;) &#53;3&#55;&#45;1&#49;8&#45;22&#50; Baniewice, Swobnica, Babinek<br \/>\nTel. &#40;&#43;&#52;8)&#32;&#53;73&#32;8&#57;2&#32;&#49;70 Banie, Tywica, Lubanowo<br \/>\nTel. &#40;&#43;48&#41; &#55;&#51;&#49; &#49;&#49;7&#32;&#50;&#50;2 Zg\u0142aszanie awarii sieci kanalizacji sanitarnej<\/p>\n\n\n<p>mail: &#115;ek&#114;e&#116;a&#114;&#105;a&#116;&#46;&#100;ob&#114;ysas&#105;ad&#64;o&#112;&#46;&#112;l<\/p>\n\n\n\n<p>Napisz przez formularz:<\/p>\n\n\n\n<div class=\"wpcf7 no-js\" id=\"wpcf7-f51-o1\" lang=\"pl-PL\" dir=\"ltr\">\n<div class=\"screen-reader-response\"><p role=\"status\" aria-live=\"polite\" aria-atomic=\"true\"><\/p> <ul><\/ul><\/div>\n<form action=\"\/index.php?rest_route=%2Fwp%2Fv2%2Fpages%2F21#wpcf7-f51-o1\" method=\"post\" class=\"wpcf7-form init\" aria-label=\"Formularz kontaktowy\" novalidate=\"novalidate\" data-status=\"init\">\n<div style=\"display: none;\">\n<input type=\"hidden\" name=\"_wpcf7\" value=\"51\" \/>\n<input type=\"hidden\" name=\"_wpcf7_version\" value=\"5.8.6\" \/>\n<input type=\"hidden\" name=\"_wpcf7_locale\" value=\"pl_PL\" \/>\n<input type=\"hidden\" name=\"_wpcf7_unit_tag\" value=\"wpcf7-f51-o1\" \/>\n<input type=\"hidden\" name=\"_wpcf7_container_post\" value=\"0\" \/>\n<input type=\"hidden\" name=\"_wpcf7_posted_data_hash\" value=\"\" \/>\n<\/div>\n<p><label> Twoje imi\u0119 i nazwisko<br \/>\n<span class=\"wpcf7-form-control-wrap\" data-name=\"your-name\"><input size=\"40\" class=\"wpcf7-form-control wpcf7-text wpcf7-validates-as-required\" autocomplete=\"name\" aria-required=\"true\" aria-invalid=\"false\" value=\"\" type=\"text\" name=\"your-name\" \/><\/span> <\/label>\n<\/p>\n<p><label> Tw\u00f3j adres e-mail<br \/>\n<span class=\"wpcf7-form-control-wrap\" data-name=\"your-email\"><input size=\"40\" class=\"wpcf7-form-control wpcf7-email wpcf7-validates-as-required wpcf7-text wpcf7-validates-as-email\" autocomplete=\"email\" aria-required=\"true\" aria-invalid=\"false\" value=\"\" type=\"email\" name=\"your-email\" \/><\/span> <\/label>\n<\/p>\n<p><label> Temat<br \/>\n<span class=\"wpcf7-form-control-wrap\" data-name=\"your-subject\"><input size=\"40\" class=\"wpcf7-form-control wpcf7-text wpcf7-validates-as-required\" aria-required=\"true\" aria-invalid=\"false\" value=\"\" type=\"text\" name=\"your-subject\" \/><\/span> <\/label>\n<\/p>\n<p><label> Twoja wiadomo\u015bci<br \/>\n<span class=\"wpcf7-form-control-wrap\" data-name=\"your-message\"><textarea cols=\"40\" rows=\"10\" class=\"wpcf7-form-control wpcf7-textarea wpcf7-validates-as-required\" aria-required=\"true\" aria-invalid=\"false\" name=\"your-message\"><\/textarea><\/span><br \/>\n<\/label>\n<\/p>\n<p><span class=\"wpcf7-form-control-wrap\" data-name=\"acceptance-389\"><span class=\"wpcf7-form-control wpcf7-acceptance\"><span class=\"wpcf7-list-item\"><label><input type=\"checkbox\" name=\"acceptance-389\" value=\"1\" aria-invalid=\"false\" \/><span class=\"wpcf7-list-item-label\">Wyra\u017cam zgod\u0119 na przetwarzanie moich danych osobowych podanych w powy\u017cszym formularzu przez firm\u0119 \"Dobry S\u0105siad\". Zawiadamiamy, \u017ce Pa\u0144stwa dane przetwarzane b\u0119d\u0105 wy\u0142\u0105cznie w celu nawi\u0105zania kontaktu zgodnie z zasad\u0105, kt\u00f3ra g\u0142osi, \u017ce przetwarzanie danych jest zgodne z prawem je\u017celi jest niezb\u0119dne w celu realizacji umowy lub przed jej zawarciem. Jednocze\u015bnie zawiadamiany, \u017ce dobrowolnie podane informacje nie b\u0119d\u0105 udost\u0119pniane podmiotom trzecim.<\/span><\/label><\/span><\/span><\/span>\n<\/p>\n<p><input class=\"wpcf7-form-control wpcf7-submit has-spinner\" type=\"submit\" value=\"Wy\u015blij\" \/>\n<\/p><div class=\"wpcf7-response-output\" aria-hidden=\"true\"><\/div>\n<\/form>\n<\/div>\n\n","protected":false},"excerpt":{"rendered":"<p>&#8222;Dobry S\u0105siad&#8221; Micha\u0142 Witkowski ul.Targowa 19 pok\u00f3j nr 8, 74-110 Banie Napisz przez formularz:<\/p>\n","protected":false},"author":1,"featured_media":0,"parent":0,"menu_order":0,"comment_status":"closed","ping_status":"closed","template":"","meta":{"footnotes":""},"class_list":["post-21","page","type-page","status-publish","hentry"],"aioseo_notices":[],"_links":{"self":[{"href":"https:\/\/dobrysasiad.banie.net\/index.php?rest_route=\/wp\/v2\/pages\/21","targetHints":{"allow":["GET"]}}],"collection":[{"href":"https:\/\/dobrysasiad.banie.net\/index.php?rest_route=\/wp\/v2\/pages"}],"about":[{"href":"https:\/\/dobrysasiad.banie.net\/index.php?rest_route=\/wp\/v2\/types\/page"}],"author":[{"embeddable":true,"href":"https:\/\/dobrysasiad.banie.net\/index.php?rest_route=\/wp\/v2\/users\/1"}],"replies":[{"embeddable":true,"href":"https:\/\/dobrysasiad.banie.net\/index.php?rest_route=%2Fwp%2Fv2%2Fcomments&post=21"}],"version-history":[{"count":36,"href":"https:\/\/dobrysasiad.banie.net\/index.php?rest_route=\/wp\/v2\/pages\/21\/revisions"}],"predecessor-version":[{"id":261,"href":"https:\/\/dobrysasiad.banie.net\/index.php?rest_route=\/wp\/v2\/pages\/21\/revisions\/261"}],"wp:attachment":[{"href":"https:\/\/dobrysasiad.banie.net\/index.php?rest_route=%2Fwp%2Fv2%2Fmedia&parent=21"}],"curies":[{"name":"wp","href":"https:\/\/api.w.org\/{rel}","templated":true}]}}