{"id":203,"date":"2024-03-06T11:41:35","date_gmt":"2024-03-06T11:41:35","guid":{"rendered":"https:\/\/dobrysasiad.banie.net\/?page_id=203"},"modified":"2024-03-06T12:04:49","modified_gmt":"2024-03-06T12:04:49","slug":"akty-prawne","status":"publish","type":"page","link":"https:\/\/dobrysasiad.banie.net\/?page_id=203","title":{"rendered":"Akty prawne"},"content":{"rendered":"\n<ul class=\"wp-block-list\">\n<li><a href=\"https:\/\/dobrysasiad.banie.net\/wp-content\/uploads\/2024\/03\/Rozporzadzenie-w-sprawie-okreslania-taryf-wzoru-wniosku-o-zatwierdzenie-taryfy-oraz-warunkow-rozliczen.pdf\" target=\"_blank\" rel=\"noopener\" title=\"Rozporz\u0105dzenie w sprawie okre\u015blania taryf, wzoru wniosku o zatwierdzenie taryfy oraz warunk\u00f3w rozlicze\u0144\">Rozporz\u0105dzenie w sprawie okre\u015blania taryf, wzoru wniosku o zatwierdzenie taryfy oraz warunk\u00f3w rozlicze\u0144<\/a><\/li>\n\n\n\n<li><a href=\"https:\/\/dobrysasiad.banie.net\/wp-content\/uploads\/2024\/03\/Rozporzadzenie-w-sprawie-sposobu-realizacji-obowiazkow-dostawcow-sciekow-przemyslowych-oraz-warunkow-wprowadzania.pdf\" target=\"_blank\" rel=\"noopener\" title=\"Rozporz\u0105dzenie w sprawie sposobu realizacji obowi\u0105zk\u00f3w dostawc\u00f3w \u015bciek\u00f3w przemys\u0142owych oraz warunk\u00f3w wprowadzania\">Rozporz\u0105dzenie w sprawie sposobu realizacji obowi\u0105zk\u00f3w dostawc\u00f3w \u015bciek\u00f3w przemys\u0142owych oraz warunk\u00f3w wprowadzania<\/a><\/li>\n\n\n\n<li><a href=\"https:\/\/dobrysasiad.banie.net\/wp-content\/uploads\/2024\/03\/Ustawa-o-zbiorowym-zaopatrzeniu-w-wode-i-odbior-sciekow.pdf\" target=\"_blank\" rel=\"noopener\" title=\"Ustawa o zbiorowym zaopatrzeniu w wod\u0119 i odbi\u00f3r \u015bciek\u00f3w\">Ustawa o zbiorowym zaopatrzeniu w wod\u0119 i odbi\u00f3r \u015bciek\u00f3w<\/a><\/li>\n<\/ul>\n","protected":false},"excerpt":{"rendered":"","protected":false},"author":1,"featured_media":0,"parent":0,"menu_order":0,"comment_status":"closed","ping_status":"closed","template":"","meta":{"footnotes":""},"class_list":["post-203","page","type-page","status-publish","hentry"],"aioseo_notices":[],"_links":{"self":[{"href":"https:\/\/dobrysasiad.banie.net\/index.php?rest_route=\/wp\/v2\/pages\/203","targetHints":{"allow":["GET"]}}],"collection":[{"href":"https:\/\/dobrysasiad.banie.net\/index.php?rest_route=\/wp\/v2\/pages"}],"about":[{"href":"https:\/\/dobrysasiad.banie.net\/index.php?rest_route=\/wp\/v2\/types\/page"}],"author":[{"embeddable":true,"href":"https:\/\/dobrysasiad.banie.net\/index.php?rest_route=\/wp\/v2\/users\/1"}],"replies":[{"embeddable":true,"href":"https:\/\/dobrysasiad.banie.net\/index.php?rest_route=%2Fwp%2Fv2%2Fcomments&post=203"}],"version-history":[{"count":4,"href":"https:\/\/dobrysasiad.banie.net\/index.php?rest_route=\/wp\/v2\/pages\/203\/revisions"}],"predecessor-version":[{"id":216,"href":"https:\/\/dobrysasiad.banie.net\/index.php?rest_route=\/wp\/v2\/pages\/203\/revisions\/216"}],"wp:attachment":[{"href":"https:\/\/dobrysasiad.banie.net\/index.php?rest_route=%2Fwp%2Fv2%2Fmedia&parent=203"}],"curies":[{"name":"wp","href":"https:\/\/api.w.org\/{rel}","templated":true}]}}